{"id":12195,"date":"2024-05-30T08:58:50","date_gmt":"2024-05-30T06:58:50","guid":{"rendered":"https:\/\/paroli.info\/?post_type=product&#038;p=12195"},"modified":"2025-10-08T14:09:44","modified_gmt":"2025-10-08T12:09:44","slug":"mobiler-schuhtrockner-mit-luft","status":"publish","type":"product","link":"https:\/\/paroli.info\/it\/produkt\/mobiler-schuhtrockner-mit-luft\/","title":{"rendered":"Schuhtrockner mit Luft BV AIR 2"},"content":{"rendered":"<p>Bleiben Sie auf der trockenen Seite! Unser mobiles Standger\u00e4t &#8220;Schuhtrockner mit Luft \/ BV AIR&#8221; ist ideal f\u00fcr den privaten Gebrauch oder f\u00fcr unterwegs. Der Trockner ist geeignet f\u00fcr 2 Paar Schuhe (Skischuhe, Bergschuhe, Arbeitsschuhe, Schlittschuhe, Stiefel usw.) Handschuhe oder auch f\u00fcr Helme. Der Ventilator sorgt f\u00fcr extrem schnelle Trocknung. Die Ausf\u00fchrung in verzinktem, pulverbeschichtetem Stahlblech garantiert eine lange Lebensdauer. Empfohlen f\u00fcr beheizte Trockenr\u00e4ume. Erh\u00e4ltlich mit oder ohne Heizung. Weitere Infos <a href=\"https:\/\/paroli.info\/produkte\/trocknungssysteme\/\">HIER<\/a>.<\/p>\n<p>Leistung: 230V\/50Hz 22 Watt<\/p>\n<p>Online erh\u00e4ltlich in der Gr\u00f6\u00dfe<strong> 2 Paar.<\/strong><\/p>\n<p>Bei gr\u00f6\u00dferen Bestellmengen bitten wir um Kontaktaufnahme per E-Mail oder Telefon. Gerne erstellen wir ein individuelles Angebot.<\/p>\n","protected":false},"excerpt":{"rendered":"<p>Mobiler Schuhtrockner mit Luft f\u00fcr Skischuhe, Arbeitsschuhe, Wanderschuhe, Helme, Handschuhe usw. Extrem schnelle Trocknung.<\/p>\n","protected":false},"featured_media":1574,"comment_status":"open","ping_status":"closed","template":"","meta":{"_acf_changed":false},"product_cat":[57],"product_tag":[52,55,56],"class_list":{"0":"post-12195","1":"product","2":"type-product","3":"status-publish","4":"has-post-thumbnail","6":"product_cat-mobiler-schuhtrockner","7":"product_tag-schuhtrockner","8":"product_tag-skischuhtrockner","9":"product_tag-umlufttrockner","11":"first","12":"instock","13":"taxable","14":"shipping-taxable","15":"purchasable","16":"product-type-variable"},"acf":[],"yoast_head":"<!-- This site is optimized with the Yoast SEO plugin v23.9 - https:\/\/yoast.com\/wordpress\/plugins\/seo\/ -->\n<title>Schuhtrockner mit Luft BV AIR 2 - PAROLI GmbH Schuhtrockner<\/title>\n<meta name=\"description\" content=\"Mobiler Schuhtrockner mit Luft f\u00fcr Skischuhe, Arbeitsschuhe, Wanderschuhe, Helme, Handschuhe usw. Extrem schnelle Trocknung.\" \/>\n<meta name=\"robots\" content=\"index, follow, max-snippet:-1, max-image-preview:large, max-video-preview:-1\" \/>\n<link rel=\"canonical\" href=\"https:\/\/paroli.info\/it\/produkt\/mobiler-schuhtrockner-mit-luft\/\" \/>\n<meta property=\"og:locale\" content=\"it_IT\" \/>\n<meta property=\"og:type\" content=\"article\" \/>\n<meta property=\"og:title\" content=\"Schuhtrockner mit Luft BV AIR 2 - PAROLI GmbH Schuhtrockner\" \/>\n<meta property=\"og:description\" content=\"Mobiler Schuhtrockner mit Luft f\u00fcr Skischuhe, Arbeitsschuhe, Wanderschuhe, Helme, Handschuhe usw. Extrem schnelle Trocknung.\" \/>\n<meta property=\"og:url\" content=\"https:\/\/paroli.info\/it\/produkt\/mobiler-schuhtrockner-mit-luft\/\" \/>\n<meta property=\"og:site_name\" content=\"PAROLI GmbH Schuhtrockner\" \/>\n<meta property=\"article:modified_time\" content=\"2025-10-08T12:09:44+00:00\" \/>\n<meta property=\"og:image\" content=\"https:\/\/paroli.info\/wp-content\/uploads\/galerien\/skiraum\/bv-skischuhtrockner-mit-luft\/bv-skischuhtrockner-mit-luft_02.jpg\" \/>\n\t<meta property=\"og:image:width\" content=\"1000\" \/>\n\t<meta property=\"og:image:height\" content=\"672\" \/>\n\t<meta property=\"og:image:type\" content=\"image\/jpeg\" \/>\n<meta name=\"twitter:card\" content=\"summary_large_image\" \/>\n<meta name=\"twitter:label1\" content=\"Tempo di lettura stimato\" \/>\n\t<meta name=\"twitter:data1\" content=\"1 minuto\" \/>\n<script type=\"application\/ld+json\" class=\"yoast-schema-graph\">{\"@context\":\"https:\/\/schema.org\",\"@graph\":[{\"@type\":\"WebPage\",\"@id\":\"https:\/\/paroli.info\/it\/produkt\/mobiler-schuhtrockner-mit-luft\/\",\"url\":\"https:\/\/paroli.info\/it\/produkt\/mobiler-schuhtrockner-mit-luft\/\",\"name\":\"Schuhtrockner mit Luft BV AIR 2 - PAROLI GmbH Schuhtrockner\",\"isPartOf\":{\"@id\":\"https:\/\/paroli.info\/it\/#website\"},\"primaryImageOfPage\":{\"@id\":\"https:\/\/paroli.info\/it\/produkt\/mobiler-schuhtrockner-mit-luft\/#primaryimage\"},\"image\":{\"@id\":\"https:\/\/paroli.info\/it\/produkt\/mobiler-schuhtrockner-mit-luft\/#primaryimage\"},\"thumbnailUrl\":\"https:\/\/paroli.info\/wp-content\/uploads\/galerien\/skiraum\/bv-skischuhtrockner-mit-luft\/bv-skischuhtrockner-mit-luft_02.jpg\",\"datePublished\":\"2024-05-30T06:58:50+00:00\",\"dateModified\":\"2025-10-08T12:09:44+00:00\",\"description\":\"Mobiler Schuhtrockner mit Luft f\u00fcr Skischuhe, Arbeitsschuhe, Wanderschuhe, Helme, Handschuhe usw. Extrem schnelle Trocknung.\",\"breadcrumb\":{\"@id\":\"https:\/\/paroli.info\/it\/produkt\/mobiler-schuhtrockner-mit-luft\/#breadcrumb\"},\"inLanguage\":\"it-IT\",\"potentialAction\":[{\"@type\":\"ReadAction\",\"target\":[\"https:\/\/paroli.info\/it\/produkt\/mobiler-schuhtrockner-mit-luft\/\"]}]},{\"@type\":\"ImageObject\",\"inLanguage\":\"it-IT\",\"@id\":\"https:\/\/paroli.info\/it\/produkt\/mobiler-schuhtrockner-mit-luft\/#primaryimage\",\"url\":\"https:\/\/paroli.info\/wp-content\/uploads\/galerien\/skiraum\/bv-skischuhtrockner-mit-luft\/bv-skischuhtrockner-mit-luft_02.jpg\",\"contentUrl\":\"https:\/\/paroli.info\/wp-content\/uploads\/galerien\/skiraum\/bv-skischuhtrockner-mit-luft\/bv-skischuhtrockner-mit-luft_02.jpg\",\"width\":1000,\"height\":672,\"caption\":\"BV Schuhtrockner mit Luft\"},{\"@type\":\"BreadcrumbList\",\"@id\":\"https:\/\/paroli.info\/it\/produkt\/mobiler-schuhtrockner-mit-luft\/#breadcrumb\",\"itemListElement\":[{\"@type\":\"ListItem\",\"position\":1,\"name\":\"Startseite\",\"item\":\"https:\/\/paroli.info\/it\/\"},{\"@type\":\"ListItem\",\"position\":2,\"name\":\"Schuhtrockner mit Luft BV AIR 2\"}]},{\"@type\":\"WebSite\",\"@id\":\"https:\/\/paroli.info\/it\/#website\",\"url\":\"https:\/\/paroli.info\/it\/\",\"name\":\"PAROLI GmbH Schuhtrockner\",\"description\":\"\",\"potentialAction\":[{\"@type\":\"SearchAction\",\"target\":{\"@type\":\"EntryPoint\",\"urlTemplate\":\"https:\/\/paroli.info\/it\/?s={search_term_string}\"},\"query-input\":{\"@type\":\"PropertyValueSpecification\",\"valueRequired\":true,\"valueName\":\"search_term_string\"}}],\"inLanguage\":\"it-IT\"}]}<\/script>\n<!-- \/ Yoast SEO plugin. -->","yoast_head_json":{"title":"Schuhtrockner mit Luft BV AIR 2 - PAROLI GmbH Schuhtrockner","description":"Mobiler Schuhtrockner mit Luft f\u00fcr Skischuhe, Arbeitsschuhe, Wanderschuhe, Helme, Handschuhe usw. Extrem schnelle Trocknung.","robots":{"index":"index","follow":"follow","max-snippet":"max-snippet:-1","max-image-preview":"max-image-preview:large","max-video-preview":"max-video-preview:-1"},"canonical":"https:\/\/paroli.info\/it\/produkt\/mobiler-schuhtrockner-mit-luft\/","og_locale":"it_IT","og_type":"article","og_title":"Schuhtrockner mit Luft BV AIR 2 - PAROLI GmbH Schuhtrockner","og_description":"Mobiler Schuhtrockner mit Luft f\u00fcr Skischuhe, Arbeitsschuhe, Wanderschuhe, Helme, Handschuhe usw. Extrem schnelle Trocknung.","og_url":"https:\/\/paroli.info\/it\/produkt\/mobiler-schuhtrockner-mit-luft\/","og_site_name":"PAROLI GmbH Schuhtrockner","article_modified_time":"2025-10-08T12:09:44+00:00","og_image":[{"width":1000,"height":672,"url":"https:\/\/paroli.info\/wp-content\/uploads\/galerien\/skiraum\/bv-skischuhtrockner-mit-luft\/bv-skischuhtrockner-mit-luft_02.jpg","type":"image\/jpeg"}],"twitter_card":"summary_large_image","twitter_misc":{"Tempo di lettura stimato":"1 minuto"},"schema":{"@context":"https:\/\/schema.org","@graph":[{"@type":"WebPage","@id":"https:\/\/paroli.info\/it\/produkt\/mobiler-schuhtrockner-mit-luft\/","url":"https:\/\/paroli.info\/it\/produkt\/mobiler-schuhtrockner-mit-luft\/","name":"Schuhtrockner mit Luft BV AIR 2 - PAROLI GmbH Schuhtrockner","isPartOf":{"@id":"https:\/\/paroli.info\/it\/#website"},"primaryImageOfPage":{"@id":"https:\/\/paroli.info\/it\/produkt\/mobiler-schuhtrockner-mit-luft\/#primaryimage"},"image":{"@id":"https:\/\/paroli.info\/it\/produkt\/mobiler-schuhtrockner-mit-luft\/#primaryimage"},"thumbnailUrl":"https:\/\/paroli.info\/wp-content\/uploads\/galerien\/skiraum\/bv-skischuhtrockner-mit-luft\/bv-skischuhtrockner-mit-luft_02.jpg","datePublished":"2024-05-30T06:58:50+00:00","dateModified":"2025-10-08T12:09:44+00:00","description":"Mobiler Schuhtrockner mit Luft f\u00fcr Skischuhe, Arbeitsschuhe, Wanderschuhe, Helme, Handschuhe usw. Extrem schnelle Trocknung.","breadcrumb":{"@id":"https:\/\/paroli.info\/it\/produkt\/mobiler-schuhtrockner-mit-luft\/#breadcrumb"},"inLanguage":"it-IT","potentialAction":[{"@type":"ReadAction","target":["https:\/\/paroli.info\/it\/produkt\/mobiler-schuhtrockner-mit-luft\/"]}]},{"@type":"ImageObject","inLanguage":"it-IT","@id":"https:\/\/paroli.info\/it\/produkt\/mobiler-schuhtrockner-mit-luft\/#primaryimage","url":"https:\/\/paroli.info\/wp-content\/uploads\/galerien\/skiraum\/bv-skischuhtrockner-mit-luft\/bv-skischuhtrockner-mit-luft_02.jpg","contentUrl":"https:\/\/paroli.info\/wp-content\/uploads\/galerien\/skiraum\/bv-skischuhtrockner-mit-luft\/bv-skischuhtrockner-mit-luft_02.jpg","width":1000,"height":672,"caption":"BV Schuhtrockner mit Luft"},{"@type":"BreadcrumbList","@id":"https:\/\/paroli.info\/it\/produkt\/mobiler-schuhtrockner-mit-luft\/#breadcrumb","itemListElement":[{"@type":"ListItem","position":1,"name":"Startseite","item":"https:\/\/paroli.info\/it\/"},{"@type":"ListItem","position":2,"name":"Schuhtrockner mit Luft BV AIR 2"}]},{"@type":"WebSite","@id":"https:\/\/paroli.info\/it\/#website","url":"https:\/\/paroli.info\/it\/","name":"PAROLI GmbH Schuhtrockner","description":"","potentialAction":[{"@type":"SearchAction","target":{"@type":"EntryPoint","urlTemplate":"https:\/\/paroli.info\/it\/?s={search_term_string}"},"query-input":{"@type":"PropertyValueSpecification","valueRequired":true,"valueName":"search_term_string"}}],"inLanguage":"it-IT"}]}},"_links":{"self":[{"href":"https:\/\/paroli.info\/it\/wp-json\/wp\/v2\/product\/12195","targetHints":{"allow":["GET"]}}],"collection":[{"href":"https:\/\/paroli.info\/it\/wp-json\/wp\/v2\/product"}],"about":[{"href":"https:\/\/paroli.info\/it\/wp-json\/wp\/v2\/types\/product"}],"replies":[{"embeddable":true,"href":"https:\/\/paroli.info\/it\/wp-json\/wp\/v2\/comments?post=12195"}],"wp:featuredmedia":[{"embeddable":true,"href":"https:\/\/paroli.info\/it\/wp-json\/wp\/v2\/media\/1574"}],"wp:attachment":[{"href":"https:\/\/paroli.info\/it\/wp-json\/wp\/v2\/media?parent=12195"}],"wp:term":[{"taxonomy":"product_cat","embeddable":true,"href":"https:\/\/paroli.info\/it\/wp-json\/wp\/v2\/product_cat?post=12195"},{"taxonomy":"product_tag","embeddable":true,"href":"https:\/\/paroli.info\/it\/wp-json\/wp\/v2\/product_tag?post=12195"}],"curies":[{"name":"wp","href":"https:\/\/api.w.org\/{rel}","templated":true}]}}