{"id":12181,"date":"2024-05-28T10:29:42","date_gmt":"2024-05-28T08:29:42","guid":{"rendered":"https:\/\/paroli.info\/?post_type=product&#038;p=12181"},"modified":"2025-12-29T13:59:39","modified_gmt":"2025-12-29T12:59:39","slug":"elektrischer-schuhtrockner","status":"publish","type":"product","link":"https:\/\/paroli.info\/it\/produkt\/elektrischer-schuhtrockner\/","title":{"rendered":"Elektro-Edelstahltrockner"},"content":{"rendered":"<p>Unser elektrischer Schuhtrockner aus Edelstahl (INOX) verursacht kein Ger\u00e4usch und keinen Geruch. Eine rasche und gr\u00fcndliche Trocknung auch empfindlicher Materialien ist gew\u00e4hrleistet. <strong>Extrem stromsparend<\/strong>: nach dem Aufheizen auf 55\u00b0C, konsumiert der Trockner nur mehr die H\u00e4lfte Strom. Attraktives, modernes Design, einfache Montage, problemlose Erweiterung. Keine chemischen und umweltbelastenden Zus\u00e4tze. Empfohlen f\u00fcr nicht beheizte Trockenr\u00e4ume. Beschichtung in allen RAL-Farben m\u00f6glich. Weitere Infos <a href=\"https:\/\/paroli.info\/produkte\/trocknungssysteme\/\">HIER<\/a>.<\/p>\n<p>Online erh\u00e4ltlich in den Gr\u00f6\u00dfen <strong>2 Paar, 3 Paar, 4 Paar und 5 Paar.<\/strong><\/p>\n<p>Ab 10 Paar bzw. bei gr\u00f6\u00dferen Bestellmengen bitten wir um Kontaktaufnahme per E-Mail oder Telefon. Gerne erstellen wir ein individuelles Angebot.<\/p>\n","protected":false},"excerpt":{"rendered":"<p>Energiesparender elektrischer Schuhtrockner in rostfreiem Edelstahl (INOX) f\u00fcr Skischuhe, Arbeitsschuhe, Wanderschuhe usw.<\/p>\n","protected":false},"featured_media":0,"comment_status":"open","ping_status":"closed","template":"","meta":{"_acf_changed":false},"product_cat":[50],"product_tag":[54,52,55],"class_list":{"0":"post-12181","1":"product","2":"type-product","3":"status-publish","5":"product_cat-elektro-edelstahltrockner","6":"product_tag-edelstahltrockner","7":"product_tag-schuhtrockner","8":"product_tag-skischuhtrockner","10":"first","11":"instock","12":"taxable","13":"shipping-taxable","14":"purchasable","15":"product-type-variable","16":"has-default-attributes"},"acf":[],"yoast_head":"<!-- This site is optimized with the Yoast SEO plugin v23.9 - https:\/\/yoast.com\/wordpress\/plugins\/seo\/ -->\n<title>Elektro-Edelstahltrockner - PAROLI GmbH Schuhtrockner<\/title>\n<meta name=\"description\" content=\"Energiesparender elektrischer Schuhtrockner in rostfreiem Edelstahl (INOX) f\u00fcr Skischuhe, Arbeitsschuhe, Wanderschuhe usw.\" \/>\n<meta name=\"robots\" content=\"index, follow, max-snippet:-1, max-image-preview:large, max-video-preview:-1\" \/>\n<link rel=\"canonical\" href=\"https:\/\/paroli.info\/it\/produkt\/elektrischer-schuhtrockner\/\" \/>\n<meta property=\"og:locale\" content=\"it_IT\" \/>\n<meta property=\"og:type\" content=\"article\" \/>\n<meta property=\"og:title\" content=\"Elektro-Edelstahltrockner - PAROLI GmbH Schuhtrockner\" \/>\n<meta property=\"og:description\" content=\"Energiesparender elektrischer Schuhtrockner in rostfreiem Edelstahl (INOX) f\u00fcr Skischuhe, Arbeitsschuhe, Wanderschuhe usw.\" \/>\n<meta property=\"og:url\" content=\"https:\/\/paroli.info\/it\/produkt\/elektrischer-schuhtrockner\/\" \/>\n<meta property=\"og:site_name\" content=\"PAROLI GmbH Schuhtrockner\" \/>\n<meta property=\"article:modified_time\" content=\"2025-12-29T12:59:39+00:00\" \/>\n<meta name=\"twitter:card\" content=\"summary_large_image\" \/>\n<meta name=\"twitter:label1\" content=\"Tempo di lettura stimato\" \/>\n\t<meta name=\"twitter:data1\" content=\"1 minuto\" \/>\n<script type=\"application\/ld+json\" class=\"yoast-schema-graph\">{\"@context\":\"https:\/\/schema.org\",\"@graph\":[{\"@type\":\"WebPage\",\"@id\":\"https:\/\/paroli.info\/it\/produkt\/elektrischer-schuhtrockner\/\",\"url\":\"https:\/\/paroli.info\/it\/produkt\/elektrischer-schuhtrockner\/\",\"name\":\"Elektro-Edelstahltrockner - PAROLI GmbH Schuhtrockner\",\"isPartOf\":{\"@id\":\"https:\/\/paroli.info\/it\/#website\"},\"datePublished\":\"2024-05-28T08:29:42+00:00\",\"dateModified\":\"2025-12-29T12:59:39+00:00\",\"description\":\"Energiesparender elektrischer Schuhtrockner in rostfreiem Edelstahl (INOX) f\u00fcr Skischuhe, Arbeitsschuhe, Wanderschuhe usw.\",\"breadcrumb\":{\"@id\":\"https:\/\/paroli.info\/it\/produkt\/elektrischer-schuhtrockner\/#breadcrumb\"},\"inLanguage\":\"it-IT\",\"potentialAction\":[{\"@type\":\"ReadAction\",\"target\":[\"https:\/\/paroli.info\/it\/produkt\/elektrischer-schuhtrockner\/\"]}]},{\"@type\":\"BreadcrumbList\",\"@id\":\"https:\/\/paroli.info\/it\/produkt\/elektrischer-schuhtrockner\/#breadcrumb\",\"itemListElement\":[{\"@type\":\"ListItem\",\"position\":1,\"name\":\"Startseite\",\"item\":\"https:\/\/paroli.info\/it\/\"},{\"@type\":\"ListItem\",\"position\":2,\"name\":\"Elektro-Edelstahltrockner\"}]},{\"@type\":\"WebSite\",\"@id\":\"https:\/\/paroli.info\/it\/#website\",\"url\":\"https:\/\/paroli.info\/it\/\",\"name\":\"PAROLI GmbH Schuhtrockner\",\"description\":\"\",\"potentialAction\":[{\"@type\":\"SearchAction\",\"target\":{\"@type\":\"EntryPoint\",\"urlTemplate\":\"https:\/\/paroli.info\/it\/?s={search_term_string}\"},\"query-input\":{\"@type\":\"PropertyValueSpecification\",\"valueRequired\":true,\"valueName\":\"search_term_string\"}}],\"inLanguage\":\"it-IT\"}]}<\/script>\n<!-- \/ Yoast SEO plugin. -->","yoast_head_json":{"title":"Elektro-Edelstahltrockner - PAROLI GmbH Schuhtrockner","description":"Energiesparender elektrischer Schuhtrockner in rostfreiem Edelstahl (INOX) f\u00fcr Skischuhe, Arbeitsschuhe, Wanderschuhe usw.","robots":{"index":"index","follow":"follow","max-snippet":"max-snippet:-1","max-image-preview":"max-image-preview:large","max-video-preview":"max-video-preview:-1"},"canonical":"https:\/\/paroli.info\/it\/produkt\/elektrischer-schuhtrockner\/","og_locale":"it_IT","og_type":"article","og_title":"Elektro-Edelstahltrockner - PAROLI GmbH Schuhtrockner","og_description":"Energiesparender elektrischer Schuhtrockner in rostfreiem Edelstahl (INOX) f\u00fcr Skischuhe, Arbeitsschuhe, Wanderschuhe usw.","og_url":"https:\/\/paroli.info\/it\/produkt\/elektrischer-schuhtrockner\/","og_site_name":"PAROLI GmbH Schuhtrockner","article_modified_time":"2025-12-29T12:59:39+00:00","twitter_card":"summary_large_image","twitter_misc":{"Tempo di lettura stimato":"1 minuto"},"schema":{"@context":"https:\/\/schema.org","@graph":[{"@type":"WebPage","@id":"https:\/\/paroli.info\/it\/produkt\/elektrischer-schuhtrockner\/","url":"https:\/\/paroli.info\/it\/produkt\/elektrischer-schuhtrockner\/","name":"Elektro-Edelstahltrockner - PAROLI GmbH Schuhtrockner","isPartOf":{"@id":"https:\/\/paroli.info\/it\/#website"},"datePublished":"2024-05-28T08:29:42+00:00","dateModified":"2025-12-29T12:59:39+00:00","description":"Energiesparender elektrischer Schuhtrockner in rostfreiem Edelstahl (INOX) f\u00fcr Skischuhe, Arbeitsschuhe, Wanderschuhe usw.","breadcrumb":{"@id":"https:\/\/paroli.info\/it\/produkt\/elektrischer-schuhtrockner\/#breadcrumb"},"inLanguage":"it-IT","potentialAction":[{"@type":"ReadAction","target":["https:\/\/paroli.info\/it\/produkt\/elektrischer-schuhtrockner\/"]}]},{"@type":"BreadcrumbList","@id":"https:\/\/paroli.info\/it\/produkt\/elektrischer-schuhtrockner\/#breadcrumb","itemListElement":[{"@type":"ListItem","position":1,"name":"Startseite","item":"https:\/\/paroli.info\/it\/"},{"@type":"ListItem","position":2,"name":"Elektro-Edelstahltrockner"}]},{"@type":"WebSite","@id":"https:\/\/paroli.info\/it\/#website","url":"https:\/\/paroli.info\/it\/","name":"PAROLI GmbH Schuhtrockner","description":"","potentialAction":[{"@type":"SearchAction","target":{"@type":"EntryPoint","urlTemplate":"https:\/\/paroli.info\/it\/?s={search_term_string}"},"query-input":{"@type":"PropertyValueSpecification","valueRequired":true,"valueName":"search_term_string"}}],"inLanguage":"it-IT"}]}},"_links":{"self":[{"href":"https:\/\/paroli.info\/it\/wp-json\/wp\/v2\/product\/12181","targetHints":{"allow":["GET"]}}],"collection":[{"href":"https:\/\/paroli.info\/it\/wp-json\/wp\/v2\/product"}],"about":[{"href":"https:\/\/paroli.info\/it\/wp-json\/wp\/v2\/types\/product"}],"replies":[{"embeddable":true,"href":"https:\/\/paroli.info\/it\/wp-json\/wp\/v2\/comments?post=12181"}],"wp:attachment":[{"href":"https:\/\/paroli.info\/it\/wp-json\/wp\/v2\/media?parent=12181"}],"wp:term":[{"taxonomy":"product_cat","embeddable":true,"href":"https:\/\/paroli.info\/it\/wp-json\/wp\/v2\/product_cat?post=12181"},{"taxonomy":"product_tag","embeddable":true,"href":"https:\/\/paroli.info\/it\/wp-json\/wp\/v2\/product_tag?post=12181"}],"curies":[{"name":"wp","href":"https:\/\/api.w.org\/{rel}","templated":true}]}}