{"id":2280,"date":"2020-01-22T19:07:00","date_gmt":"2020-01-22T18:07:00","guid":{"rendered":"https:\/\/skidepot.info\/azienda\/"},"modified":"2025-10-20T08:25:19","modified_gmt":"2025-10-20T06:25:19","slug":"azienda","status":"publish","type":"page","link":"https:\/\/paroli.info\/it\/azienda\/","title":{"rendered":"Azienda"},"content":{"rendered":"<h3>Dal 2002<\/h3>\n<h1>Percorriamo <br \/>nuove strade<\/h1>\n<div>\n<p>PAROLI \u00e8 stata fondata nel 2002 a F\u00fcgen nella Zillertal. Da allora il nostro obiettivo \u00e8 quello di creare strutture individuali e di alta qualit\u00e0 per sale sci, depositi sci e il noleggio degli sci.<\/p>\n<p>La nostra forza \u00e8 la consulenza personale. Insieme ai nostri clienti siamo sempre alla ricerca della soluzione ottimale per tutte le condizioni di locale. Dal momento che produciamo i nostri prodotti di arredamento a livello individuale, nessuna nicchia rimane inutilizzata. Ci\u00f2 garantisce ordine e visione d&#8217;insieme all&#8217;interno della vostra attivit\u00e0.<\/p>\n<p>Dopo un sopralluogo del locale partiamo con la progettazione. Qualora, ad esempio, siano richieste anche soluzioni digitali, come un software per il noleggio, coinvolgiamo gi\u00e0 durante la fase di progettazione i partner della nostra rete di professionisti. Tutti i piani vengono concordati nei dettagli con voi. Solo quando sarete soddisfatti, lo saremo anche noi.<\/p>\n<p>Si passa poi all&#8217;implementazione. Tutti gli elementi di arredo sono realizzati a mano nel nostro laboratorio dal nostro personale tecnicamente qualificato. Secondo i vostri desideri e idee.<\/p>\n<p>Anche l&#8217;installazione in loco viene eseguita dai nostri collaboratori di lunga data. Molti dei nostri dipendenti lavorano con la nostra azienda dal 2002. Quindi garantiamo una qualit\u00e0 costantemente alta dei nostri prodotti e un&#8217;installazione regolare e professionale.<\/p>\n<\/div>\n<p><!--more--><br \/>\n<!-- {\"type\":\"layout\",\"children\":[{\"type\":\"section\",\"props\":{\"height\":\"full\",\"image\":\"wp-content\\\/uploads\\\/unternehmen\\\/header_unternehmen.jpg\",\"image_position\":\"top-center\",\"image_size\":\"cover\",\"padding_remove_top\":true,\"style\":\"default\",\"title_breakpoint\":\"xl\",\"title_position\":\"top-left\",\"title_rotation\":\"left\",\"vertical_align\":\"middle\",\"width\":\"\"},\"children\":[{\"type\":\"row\",\"props\":{\"margin_remove_top\":true},\"children\":[{\"type\":\"column\",\"props\":{\"image_position\":\"center-center\",\"media_overlay_gradient\":\"\",\"position_sticky_breakpoint\":\"m\",\"width_medium\":\"1-1\"},\"children\":[]}]}]},{\"type\":\"section\",\"props\":{\"image_position\":\"center-center\",\"style\":\"default\",\"title_breakpoint\":\"xl\",\"title_position\":\"top-left\",\"title_rotation\":\"left\",\"vertical_align\":\"middle\",\"width\":\"large\"},\"children\":[{\"type\":\"row\",\"children\":[{\"type\":\"column\",\"props\":{\"image_position\":\"center-center\",\"media_overlay_gradient\":\"\",\"position_sticky_breakpoint\":\"m\",\"width_medium\":\"1-1\"},\"children\":[{\"type\":\"headline\",\"props\":{\"content\":\"Dal 2002\",\"margin_remove_bottom\":false,\"title_element\":\"h3\",\"title_style\":\"h3\"}}]}]},{\"type\":\"row\",\"props\":{\"layout\":\"1-2,1-2\",\"margin_remove_top\":true},\"children\":[{\"type\":\"column\",\"props\":{\"image_position\":\"center-center\",\"media_overlay_gradient\":\"\",\"position_sticky_breakpoint\":\"m\",\"width_medium\":\"1-2\"},\"children\":[{\"type\":\"headline\",\"props\":{\"content\":\"Percorriamo <br \/>nuove strade\",\"margin_remove_bottom\":true,\"title_element\":\"h1\",\"title_style\":\"heading-medium\"}}]},{\"type\":\"column\",\"props\":{\"image_position\":\"center-center\",\"media_overlay_gradient\":\"\",\"position_sticky_breakpoint\":\"m\",\"width_medium\":\"1-2\"},\"children\":[{\"type\":\"text\",\"props\":{\"column_breakpoint\":\"m\",\"content\":\"\n\n<p>PAROLI \\u00e8 stata fondata nel 2002 a F\\u00fcgen nella Zillertal. Da allora il nostro obiettivo \\u00e8 quello di creare strutture individuali e di alta qualit\\u00e0 per sale sci, depositi sci e il noleggio degli sci.<\\\/p>\\n\n\n<p>La nostra forza \\u00e8 la consulenza personale. Insieme ai nostri clienti siamo sempre alla ricerca della soluzione ottimale per tutte le condizioni di locale. Dal momento che produciamo i nostri prodotti di arredamento a livello individuale, nessuna nicchia rimane inutilizzata. Ci\\u00f2 garantisce ordine e visione d'insieme all'interno della vostra attivit\\u00e0.<\\\/p>\\n\n\n<p>Dopo un sopralluogo del locale partiamo con la progettazione. Qualora, ad esempio, siano richieste anche soluzioni digitali, come un software per il noleggio, coinvolgiamo gi\\u00e0 durante la fase di progettazione i partner della nostra rete di professionisti. Tutti i piani vengono concordati nei dettagli con voi. Solo quando sarete soddisfatti, lo saremo anche noi.<\\\/p>\\n\n\n<p>Si passa poi all'implementazione. Tutti gli elementi di arredo sono realizzati a mano nel nostro laboratorio dal nostro personale tecnicamente qualificato. Secondo i vostri desideri e idee.<\\\/p>\\n\n\n<p>Anche l'installazione in loco viene eseguita dai nostri collaboratori di lunga data. Molti dei nostri dipendenti lavorano con la nostra azienda dal 2002. Quindi garantiamo una qualit\\u00e0 costantemente alta dei nostri prodotti e un'installazione regolare e professionale.<\\\/p>\",\"margin\":\"default\"}}]}]}]}],\"version\":\"3.0.22\"} --><\/p>\n","protected":false},"excerpt":{"rendered":"<p>Dal 2002 Percorriamo nuove strade PAROLI \u00e8 stata fondata nel 2002 a F\u00fcgen nella Zillertal. Da allora il nostro obiettivo \u00e8 quello di creare strutture individuali e di alta qualit\u00e0 per sale sci, depositi sci e il noleggio degli sci. La nostra forza \u00e8 la consulenza personale. Insieme ai nostri clienti siamo sempre alla ricerca [&hellip;]<\/p>\n","protected":false},"author":14,"featured_media":0,"parent":0,"menu_order":88,"comment_status":"closed","ping_status":"closed","template":"","meta":{"_acf_changed":false,"footnotes":""},"class_list":["post-2280","page","type-page","status-publish","hentry"],"acf":[],"yoast_head":"<!-- This site is optimized with the Yoast SEO plugin v23.9 - https:\/\/yoast.com\/wordpress\/plugins\/seo\/ -->\n<title>PAROLI | Strutture per sala sci, deposito sci e noleggio sci<\/title>\n<meta name=\"description\" content=\"La PAROLI GmbH nella citt\u00e0 austriaca di F\u00fcgen \u00e8 il vostro primo punto di contatto per quanto riguarda le strutture per deposito sci e noleggio sci.\" \/>\n<meta name=\"robots\" content=\"index, follow, max-snippet:-1, max-image-preview:large, max-video-preview:-1\" \/>\n<link rel=\"canonical\" href=\"https:\/\/paroli.info\/it\/azienda\/\" \/>\n<meta property=\"og:locale\" content=\"it_IT\" \/>\n<meta property=\"og:type\" content=\"article\" \/>\n<meta property=\"og:title\" content=\"PAROLI | Strutture per sala sci, deposito sci e noleggio sci\" \/>\n<meta property=\"og:description\" content=\"La PAROLI GmbH nella citt\u00e0 austriaca di F\u00fcgen \u00e8 il vostro primo punto di contatto per quanto riguarda le strutture per deposito sci e noleggio sci.\" \/>\n<meta property=\"og:url\" content=\"https:\/\/paroli.info\/it\/azienda\/\" \/>\n<meta property=\"og:site_name\" content=\"PAROLI GmbH Schuhtrockner\" \/>\n<meta property=\"article:modified_time\" content=\"2025-10-20T06:25:19+00:00\" \/>\n<meta name=\"twitter:card\" content=\"summary_large_image\" \/>\n<meta name=\"twitter:label1\" content=\"Tempo di lettura stimato\" \/>\n\t<meta name=\"twitter:data1\" content=\"1 minuto\" \/>\n<script type=\"application\/ld+json\" class=\"yoast-schema-graph\">{\"@context\":\"https:\/\/schema.org\",\"@graph\":[{\"@type\":\"WebPage\",\"@id\":\"https:\/\/paroli.info\/it\/azienda\/\",\"url\":\"https:\/\/paroli.info\/it\/azienda\/\",\"name\":\"PAROLI | Strutture per sala sci, deposito sci e noleggio sci\",\"isPartOf\":{\"@id\":\"https:\/\/paroli.info\/it\/#website\"},\"datePublished\":\"2020-01-22T18:07:00+00:00\",\"dateModified\":\"2025-10-20T06:25:19+00:00\",\"description\":\"La PAROLI GmbH nella citt\u00e0 austriaca di F\u00fcgen \u00e8 il vostro primo punto di contatto per quanto riguarda le strutture per deposito sci e noleggio sci.\",\"breadcrumb\":{\"@id\":\"https:\/\/paroli.info\/it\/azienda\/#breadcrumb\"},\"inLanguage\":\"it-IT\",\"potentialAction\":[{\"@type\":\"ReadAction\",\"target\":[\"https:\/\/paroli.info\/it\/azienda\/\"]}]},{\"@type\":\"BreadcrumbList\",\"@id\":\"https:\/\/paroli.info\/it\/azienda\/#breadcrumb\",\"itemListElement\":[{\"@type\":\"ListItem\",\"position\":1,\"name\":\"Startseite\",\"item\":\"https:\/\/paroli.info\/it\/\"},{\"@type\":\"ListItem\",\"position\":2,\"name\":\"Azienda\"}]},{\"@type\":\"WebSite\",\"@id\":\"https:\/\/paroli.info\/it\/#website\",\"url\":\"https:\/\/paroli.info\/it\/\",\"name\":\"PAROLI GmbH Schuhtrockner\",\"description\":\"\",\"potentialAction\":[{\"@type\":\"SearchAction\",\"target\":{\"@type\":\"EntryPoint\",\"urlTemplate\":\"https:\/\/paroli.info\/it\/?s={search_term_string}\"},\"query-input\":{\"@type\":\"PropertyValueSpecification\",\"valueRequired\":true,\"valueName\":\"search_term_string\"}}],\"inLanguage\":\"it-IT\"}]}<\/script>\n<!-- \/ Yoast SEO plugin. -->","yoast_head_json":{"title":"PAROLI | Strutture per sala sci, deposito sci e noleggio sci","description":"La PAROLI GmbH nella citt\u00e0 austriaca di F\u00fcgen \u00e8 il vostro primo punto di contatto per quanto riguarda le strutture per deposito sci e noleggio sci.","robots":{"index":"index","follow":"follow","max-snippet":"max-snippet:-1","max-image-preview":"max-image-preview:large","max-video-preview":"max-video-preview:-1"},"canonical":"https:\/\/paroli.info\/it\/azienda\/","og_locale":"it_IT","og_type":"article","og_title":"PAROLI | Strutture per sala sci, deposito sci e noleggio sci","og_description":"La PAROLI GmbH nella citt\u00e0 austriaca di F\u00fcgen \u00e8 il vostro primo punto di contatto per quanto riguarda le strutture per deposito sci e noleggio sci.","og_url":"https:\/\/paroli.info\/it\/azienda\/","og_site_name":"PAROLI GmbH Schuhtrockner","article_modified_time":"2025-10-20T06:25:19+00:00","twitter_card":"summary_large_image","twitter_misc":{"Tempo di lettura stimato":"1 minuto"},"schema":{"@context":"https:\/\/schema.org","@graph":[{"@type":"WebPage","@id":"https:\/\/paroli.info\/it\/azienda\/","url":"https:\/\/paroli.info\/it\/azienda\/","name":"PAROLI | Strutture per sala sci, deposito sci e noleggio sci","isPartOf":{"@id":"https:\/\/paroli.info\/it\/#website"},"datePublished":"2020-01-22T18:07:00+00:00","dateModified":"2025-10-20T06:25:19+00:00","description":"La PAROLI GmbH nella citt\u00e0 austriaca di F\u00fcgen \u00e8 il vostro primo punto di contatto per quanto riguarda le strutture per deposito sci e noleggio sci.","breadcrumb":{"@id":"https:\/\/paroli.info\/it\/azienda\/#breadcrumb"},"inLanguage":"it-IT","potentialAction":[{"@type":"ReadAction","target":["https:\/\/paroli.info\/it\/azienda\/"]}]},{"@type":"BreadcrumbList","@id":"https:\/\/paroli.info\/it\/azienda\/#breadcrumb","itemListElement":[{"@type":"ListItem","position":1,"name":"Startseite","item":"https:\/\/paroli.info\/it\/"},{"@type":"ListItem","position":2,"name":"Azienda"}]},{"@type":"WebSite","@id":"https:\/\/paroli.info\/it\/#website","url":"https:\/\/paroli.info\/it\/","name":"PAROLI GmbH Schuhtrockner","description":"","potentialAction":[{"@type":"SearchAction","target":{"@type":"EntryPoint","urlTemplate":"https:\/\/paroli.info\/it\/?s={search_term_string}"},"query-input":{"@type":"PropertyValueSpecification","valueRequired":true,"valueName":"search_term_string"}}],"inLanguage":"it-IT"}]}},"_links":{"self":[{"href":"https:\/\/paroli.info\/it\/wp-json\/wp\/v2\/pages\/2280","targetHints":{"allow":["GET"]}}],"collection":[{"href":"https:\/\/paroli.info\/it\/wp-json\/wp\/v2\/pages"}],"about":[{"href":"https:\/\/paroli.info\/it\/wp-json\/wp\/v2\/types\/page"}],"author":[{"embeddable":true,"href":"https:\/\/paroli.info\/it\/wp-json\/wp\/v2\/users\/14"}],"replies":[{"embeddable":true,"href":"https:\/\/paroli.info\/it\/wp-json\/wp\/v2\/comments?post=2280"}],"version-history":[{"count":10,"href":"https:\/\/paroli.info\/it\/wp-json\/wp\/v2\/pages\/2280\/revisions"}],"predecessor-version":[{"id":11402,"href":"https:\/\/paroli.info\/it\/wp-json\/wp\/v2\/pages\/2280\/revisions\/11402"}],"wp:attachment":[{"href":"https:\/\/paroli.info\/it\/wp-json\/wp\/v2\/media?parent=2280"}],"curies":[{"name":"wp","href":"https:\/\/api.w.org\/{rel}","templated":true}]}}