{"id":3468,"date":"2020-02-05T12:29:16","date_gmt":"2020-02-05T11:29:16","guid":{"rendered":"https:\/\/skidepot.info\/imprint\/"},"modified":"2025-10-20T08:25:21","modified_gmt":"2025-10-20T06:25:21","slug":"site-notice","status":"publish","type":"page","link":"https:\/\/paroli.info\/en\/site-notice\/","title":{"rendered":"Site notice"},"content":{"rendered":"<h1>Site notice <\/h1>\n<h2>Paroli GmbH<\/h2>\n<div>\n<p>Vertretungsberechtiger Gesellschafter \/ Gesch\u00e4ftsf\u00fchrung:<\/p>\n<\/div>\n<div>\n<p>Micheler Roland<\/p>\n<\/div>\n<div>\n<p>Anschrift:<\/p>\n<\/div>\n<div>\n<p>Gie\u00dfenweg 5<br \/>A &#8211; 6263 F\u00fcgen im Zillertal<\/p>\n<\/div>\n<div>\n<p>Telefonnummern:<\/p>\n<\/div>\n<div>\n<p>Roland Micheler <br \/>+43 664 5253088<\/p>\n<\/div>\n<div>\n<p>Internetadressen:<\/p>\n<\/div>\n<div>\n<p><a href=\"https:\/\/paroli.info\/de\/\" target=\"_blank\" rel=\"noopener\">www.paroli.info<\/a><\/p>\n<\/div>\n<div>\n<p>E-Mail: <\/p>\n<\/div>\n<div>\n<p><a href=\"mailto:austria@paroli.info\">austria@paroli.info<\/a><\/p>\n<\/div>\n<div>\n<p>Firmenbuchnr. &amp; Firmenbuchgericht: <\/p>\n<\/div>\n<div>\n<p>FN 499092 i Landesgericht Innsbruck<\/p>\n<\/div>\n<div>\n<p>Wirtschaftskammer:<\/p>\n<\/div>\n<div>\n<p>Innsbruck<\/p>\n<\/div>\n<div>\n<p>Umsatzsteuer-ID:<\/p>\n<\/div>\n<div>\n<p>ATU 736 511 67<\/p>\n<\/div>\n<div>\n<p>Inhaltlich Verantwortlicher:<\/p>\n<\/div>\n<div>\n<p>Micheler Roland (Anschrift s.o.)<\/p>\n<\/div>\n<div>\n<p>Unternehmensgegenstand:<\/p>\n<\/div>\n<div>\n<p>Skir\u00e4ume \/ Skidepot, Skiverleih, Skiservice \/ Reparatur<\/p>\n<\/div>\n<div>\n<p>Streitschlichtung<\/p>\n<\/div>\n<div>\n<p>Die EU\u2010Kommission stellt eine Internetplattform zur Online\u2010Beilegung von Streitigkeiten (sog. OS\u2010Plattform) bereit. Diese OS\u2010Plattform dient als Anlaufstelle zur au\u00dfergerichtlichen Beilegung von Streitigkeiten im Zusammenhang mit vertraglichen Verpflichtungen aus Online\u2010Kaufvertr\u00e4gen bzw. Online\u2010Dienstleistungsvertr\u00e4gen. Die OS-Plattform ist unter folgendem Link erreichbar: www.ec.europa.eu\/consumers\/odr. Unsere E\u2010Mail\u2010 Adresse findet sich oben bei unseren Kontaktdaten. Wir sind nicht bereit oder verpflichtet, an Streitbeilegungsverfahren vor einer<br \/>Verbraucherschlichtungsstelle teilzunehmen.<\/p>\n<\/div>\n<div>\n<p>Haftung f\u00fcr Inhalte<\/p>\n<\/div>\n<div>\n<p>Als Diensteanbieter sind wir gem\u00e4\u00df \u00a7 7 Abs.1 TMG f\u00fcr eigene Inhalte auf diesen Seiten nach den allgemeinen Gesetzen verantwortlich. Nach \u00a7\u00a7 8 bis 10 TMG sind wir als Diensteanbieter jedoch nicht verpflichtet, \u00fcbermittelte oder gespeicherte fremde Informationen zu \u00fcberwachen oder nach Umst\u00e4nden zu forschen, die auf eine rechtswidrige T\u00e4tigkeit hinweisen.Verpflichtungen zur Entfernung oder Sperrung der Nutzung von Informationen nach den allgemeinen Gesetzen bleiben hiervon unber\u00fchrt. Eine diesbez\u00fcgliche Haftung ist jedoch erst ab dem Zeitpunkt der Kenntnis einer konkreten Rechtsverletzung m\u00f6glich. Bei Bekanntwerden von entsprechenden Rechtsverletzungen werden wir diese Inhalte umgehend entfernen.<\/p>\n<\/div>\n<div>\n<p>Haftung f\u00fcr Links<\/p>\n<\/div>\n<div>\n<p>Unser Angebot enth\u00e4lt Links zu externen Websites Dritter, auf deren Inhalte wir keinen Einfluss haben. Deshalb k\u00f6nnen wir f\u00fcr diese fremden Inhalte auch keine Gew\u00e4hr \u00fcbernehmen. F\u00fcr die Inhalte der verlinkten Seiten ist stets der jeweilige Anbieter oder Betreiber der Seiten verantwortlich. Die verlinkten Seiten wurden zum Zeitpunkt der Verlinkung auf m\u00f6gliche Rechtsverst\u00f6\u00dfe \u00fcberpr\u00fcft. Rechtswidrige Inhalte waren zum Zeitpunkt der Verlinkung nicht erkennbar. Eine permanente inhaltliche Kontrolle der verlinkten Seiten ist jedoch ohne konkrete Anhaltspunkte einer Rechtsverletzung nicht zumutbar. Bei Bekanntwerden von Rechtsverletzungen werden wir derartige Links umgehend entfernen.<\/p>\n<\/div>\n<div>\n<p>Urheberrecht<\/p>\n<\/div>\n<div>\n<p>Die durch die Seitenbetreiber erstellten Inhalte und Werke auf diesen Seiten unterliegen dem deutschen Urheberrecht. Die Vervielf\u00e4ltigung, Bearbeitung, Verbreitung und jede Art der Verwertung au\u00dferhalb der Grenzen des Urheberrechtes bed\u00fcrfen der schriftlichen Zustimmung des jeweiligen Autors bzw. Erstellers. Downloads und Kopien dieser Seite sind nur f\u00fcr den privaten, nicht kommerziellen Gebrauch gestattet. Soweit die Inhalte auf dieser Seite nicht vom Betreiber erstellt wurden, werden die Urheberrechte Dritter beachtet. Insbesondere werden Inhalte Dritter als solche gekennzeichnet. Sollten Sie trotzdem auf eine Urheberrechtsverletzung aufmerksam werden, bitten wir um einen entsprechenden Hinweis. Bei Bekanntwerden von Rechtsverletzungen werden wir derartige Inhalte umgehend entfernen.<\/p>\n<\/div>\n<div>\n<p>Webdesign und Programmierung<\/p>\n<\/div>\n<div>\n<p>Plan.Be.Design<\/p>\n<\/div>\n<p><!--more--><br \/>\n<!-- {\"type\":\"layout\",\"children\":[{\"type\":\"section\",\"props\":{\"css\":\".el-section{\\n\\tbackground: #0D3D89;\\n}\",\"image_position\":\"center-center\",\"padding\":\"large\",\"style\":\"default\",\"title_breakpoint\":\"xl\",\"title_position\":\"top-left\",\"title_rotation\":\"left\",\"vertical_align\":\"middle\",\"width\":\"large\"},\"children\":[{\"type\":\"row\",\"children\":[{\"type\":\"column\",\"props\":{\"image_position\":\"center-center\",\"media_overlay_gradient\":\"\",\"position_sticky_breakpoint\":\"m\",\"width_medium\":\"1-1\"},\"children\":[{\"type\":\"headline\",\"props\":{\"content\":\"Site notice \",\"css\":\".el-element{\\n\\tcolor: #fff;\\n}\",\"text_align\":\"center\",\"title_element\":\"h1\"}}]}]}],\"name\":\"Headline\"},{\"type\":\"section\",\"props\":{\"css\":\".el-section{\\n\\ttext-align: center;\\n}\",\"image_position\":\"center-center\",\"style\":\"default\",\"title_breakpoint\":\"xl\",\"title_position\":\"top-left\",\"title_rotation\":\"left\",\"vertical_align\":\"middle\",\"width\":\"large\"},\"children\":[{\"type\":\"row\",\"props\":{\"width\":\"xsmall\"},\"children\":[{\"type\":\"column\",\"props\":{\"image_position\":\"center-center\",\"media_overlay_gradient\":\"\",\"position_sticky_breakpoint\":\"m\",\"width_medium\":\"1-1\"},\"children\":[{\"type\":\"headline\",\"props\":{\"content\":\"Paroli GmbH\",\"margin\":\"medium\",\"margin_remove_top\":true,\"title_element\":\"h2\",\"title_style\":\"h4\"}},{\"type\":\"text\",\"props\":{\"class\":\"impression-headings\",\"column_breakpoint\":\"m\",\"content\":\"\n\n<p>Vertretungsberechtiger Gesellschafter \\\/ Gesch\\u00e4ftsf\\u00fchrung:<\\\/p>\",\"dropcap\":false,\"margin\":\"remove-vertical\",\"margin_remove_bottom\":true,\"margin_remove_top\":true,\"status\":\"\"},\"name\":\"Label\"},{\"type\":\"text\",\"props\":{\"column_breakpoint\":\"m\",\"content\":\"\n\n<p>Micheler Roland<\\\/p>\",\"margin\":\"default\",\"margin_remove_bottom\":false,\"margin_remove_top\":true},\"name\":\"Content\"},{\"type\":\"text\",\"props\":{\"class\":\"impression-headings\",\"column_breakpoint\":\"m\",\"content\":\"\n\n<p>Anschrift:<\\\/p>\",\"dropcap\":false,\"margin\":\"medium\",\"margin_remove_bottom\":true,\"margin_remove_top\":false,\"status\":\"\"},\"name\":\"Label\"},{\"type\":\"text\",\"props\":{\"column_breakpoint\":\"m\",\"content\":\"\n\n<p>Gie\\u00dfenweg 5<br \\\/>A - 6263 F\\u00fcgen im Zillertal<\\\/p>\",\"margin\":\"default\",\"margin_remove_bottom\":false,\"margin_remove_top\":true},\"name\":\"Content\"},{\"type\":\"text\",\"props\":{\"class\":\"impression-headings\",\"column_breakpoint\":\"m\",\"content\":\"\n\n<p>Telefonnummern:<\\\/p>\",\"dropcap\":false,\"margin\":\"medium\",\"margin_remove_bottom\":true,\"margin_remove_top\":false,\"status\":\"\"},\"name\":\"Label\"},{\"type\":\"text\",\"props\":{\"column_breakpoint\":\"m\",\"content\":\"\n\n<p>Roland Micheler <br \\\/>+43 664 5253088<\\\/p>\",\"margin\":\"default\",\"margin_remove_bottom\":false,\"margin_remove_top\":true},\"name\":\"Content\"},{\"type\":\"text\",\"props\":{\"class\":\"impression-headings\",\"column_breakpoint\":\"m\",\"content\":\"\n\n<p>Internetadressen:<\\\/p>\",\"dropcap\":false,\"margin\":\"medium\",\"margin_remove_bottom\":true,\"margin_remove_top\":false,\"status\":\"\"},\"name\":\"Label\"},{\"type\":\"text\",\"props\":{\"column_breakpoint\":\"m\",\"content\":\"\n\n<p><a href=\\\"https:\\\/\\\/paroli.info\\\/de\\\/\\\" target=\\\"_blank\\\" rel=\\\"noopener\\\">www.paroli.info<\\\/a><\\\/p>\",\"margin\":\"default\",\"margin_remove_bottom\":false,\"margin_remove_top\":true},\"name\":\"Content\"},{\"type\":\"text\",\"props\":{\"class\":\"impression-headings\",\"column_breakpoint\":\"m\",\"content\":\"\n\n<p>E-Mail: <\\\/p>\",\"dropcap\":false,\"margin\":\"medium\",\"margin_remove_bottom\":true,\"margin_remove_top\":false,\"status\":\"\"},\"name\":\"Label\"},{\"type\":\"text\",\"props\":{\"column_breakpoint\":\"m\",\"content\":\"\n\n<p><a href=\\\"mailto:austria@paroli.info\\\">austria@paroli.info<\\\/a><\\\/p>\",\"margin\":\"default\",\"margin_remove_bottom\":false,\"margin_remove_top\":true},\"name\":\"Content\"},{\"type\":\"text\",\"props\":{\"class\":\"impression-headings\",\"column_breakpoint\":\"m\",\"content\":\"\n\n<p>Firmenbuchnr. &amp; Firmenbuchgericht: <\\\/p>\",\"dropcap\":false,\"margin\":\"medium\",\"margin_remove_bottom\":true,\"margin_remove_top\":false,\"status\":\"\"},\"name\":\"Label\"},{\"type\":\"text\",\"props\":{\"column_breakpoint\":\"m\",\"content\":\"\n\n<p>FN 499092 i Landesgericht Innsbruck<\\\/p>\",\"margin\":\"default\",\"margin_remove_bottom\":false,\"margin_remove_top\":true},\"name\":\"Content\"},{\"type\":\"text\",\"props\":{\"class\":\"impression-headings\",\"column_breakpoint\":\"m\",\"content\":\"\n\n<p>Wirtschaftskammer:<\\\/p>\",\"dropcap\":false,\"margin\":\"medium\",\"margin_remove_bottom\":true,\"margin_remove_top\":false,\"status\":\"\"},\"name\":\"Label\"},{\"type\":\"text\",\"props\":{\"column_breakpoint\":\"m\",\"content\":\"\n\n<p>Innsbruck<\\\/p>\",\"margin\":\"default\",\"margin_remove_bottom\":false,\"margin_remove_top\":true},\"name\":\"Content\"},{\"type\":\"text\",\"props\":{\"class\":\"impression-headings\",\"column_breakpoint\":\"m\",\"content\":\"\n\n<p>Umsatzsteuer-ID:<\\\/p>\",\"dropcap\":false,\"margin\":\"medium\",\"margin_remove_bottom\":true,\"margin_remove_top\":false,\"status\":\"\"},\"name\":\"Label\"},{\"type\":\"text\",\"props\":{\"column_breakpoint\":\"m\",\"content\":\"\n\n<p>ATU 736 511 67<\\\/p>\",\"margin\":\"default\",\"margin_remove_bottom\":false,\"margin_remove_top\":true},\"name\":\"Content\"},{\"type\":\"text\",\"props\":{\"class\":\"impression-headings\",\"column_breakpoint\":\"m\",\"content\":\"\n\n<p>Inhaltlich Verantwortlicher:<\\\/p>\",\"dropcap\":false,\"margin\":\"medium\",\"margin_remove_bottom\":true,\"margin_remove_top\":false,\"status\":\"\"},\"name\":\"Label\"},{\"type\":\"text\",\"props\":{\"column_breakpoint\":\"m\",\"content\":\"\n\n<p>Micheler Roland (Anschrift s.o.)<\\\/p>\",\"margin\":\"default\",\"margin_remove_bottom\":false,\"margin_remove_top\":true},\"name\":\"Content\"},{\"type\":\"text\",\"props\":{\"class\":\"impression-headings\",\"column_breakpoint\":\"m\",\"content\":\"\n\n<p>Unternehmensgegenstand:<\\\/p>\",\"dropcap\":false,\"margin\":\"medium\",\"margin_remove_bottom\":true,\"margin_remove_top\":false,\"status\":\"\"},\"name\":\"Label\"},{\"type\":\"text\",\"props\":{\"column_breakpoint\":\"m\",\"content\":\"\n\n<p>Skir\\u00e4ume \\\/ Skidepot, Skiverleih, Skiservice \\\/ Reparatur<\\\/p>\",\"margin\":\"default\",\"margin_remove_bottom\":false,\"margin_remove_top\":true},\"name\":\"Content\"},{\"type\":\"text\",\"props\":{\"class\":\"impression-headings\",\"column_breakpoint\":\"m\",\"content\":\"\n\n<p>Streitschlichtung<\\\/p>\",\"dropcap\":false,\"margin\":\"medium\",\"margin_remove_bottom\":true,\"margin_remove_top\":false,\"status\":\"\"},\"name\":\"Label\"},{\"type\":\"text\",\"props\":{\"column_breakpoint\":\"m\",\"content\":\"\n\n<p>Die EU\\u2010Kommission stellt eine Internetplattform zur Online\\u2010Beilegung von Streitigkeiten (sog. OS\\u2010Plattform) bereit. Diese OS\\u2010Plattform dient als Anlaufstelle zur au\\u00dfergerichtlichen Beilegung von Streitigkeiten im Zusammenhang mit vertraglichen Verpflichtungen aus Online\\u2010Kaufvertr\\u00e4gen bzw. Online\\u2010Dienstleistungsvertr\\u00e4gen. Die OS-Plattform ist unter folgendem Link erreichbar: www.ec.europa.eu\\\/consumers\\\/odr. Unsere E\\u2010Mail\\u2010 Adresse findet sich oben bei unseren Kontaktdaten. Wir sind nicht bereit oder verpflichtet, an Streitbeilegungsverfahren vor einer<br \\\/>Verbraucherschlichtungsstelle teilzunehmen.<\\\/p>\",\"margin\":\"default\",\"margin_remove_bottom\":false,\"margin_remove_top\":true},\"name\":\"Content\"},{\"type\":\"text\",\"props\":{\"class\":\"impression-headings\",\"column_breakpoint\":\"m\",\"content\":\"\n\n<p>Haftung f\\u00fcr Inhalte<\\\/p>\",\"dropcap\":false,\"margin\":\"medium\",\"margin_remove_bottom\":true,\"margin_remove_top\":false,\"status\":\"\"},\"name\":\"Label\"},{\"type\":\"text\",\"props\":{\"column_breakpoint\":\"m\",\"content\":\"\n\n<p>Als Diensteanbieter sind wir gem\\u00e4\\u00df \\u00a7 7 Abs.1 TMG f\\u00fcr eigene Inhalte auf diesen Seiten nach den allgemeinen Gesetzen verantwortlich. Nach \\u00a7\\u00a7 8 bis 10 TMG sind wir als Diensteanbieter jedoch nicht verpflichtet, \\u00fcbermittelte oder gespeicherte fremde Informationen zu \\u00fcberwachen oder nach Umst\\u00e4nden zu forschen, die auf eine rechtswidrige T\\u00e4tigkeit hinweisen.Verpflichtungen zur Entfernung oder Sperrung der Nutzung von Informationen nach den allgemeinen Gesetzen bleiben hiervon unber\\u00fchrt. Eine diesbez\\u00fcgliche Haftung ist jedoch erst ab dem Zeitpunkt der Kenntnis einer konkreten Rechtsverletzung m\\u00f6glich. Bei Bekanntwerden von entsprechenden Rechtsverletzungen werden wir diese Inhalte umgehend entfernen.<\\\/p>\",\"margin\":\"default\",\"margin_remove_bottom\":false,\"margin_remove_top\":true},\"name\":\"Content\"},{\"type\":\"text\",\"props\":{\"class\":\"impression-headings\",\"column_breakpoint\":\"m\",\"content\":\"\n\n<p>Haftung f\\u00fcr Links<\\\/p>\",\"dropcap\":false,\"margin\":\"medium\",\"margin_remove_bottom\":true,\"margin_remove_top\":false,\"status\":\"\"},\"name\":\"Label\"},{\"type\":\"text\",\"props\":{\"column_breakpoint\":\"m\",\"content\":\"\n\n<p>Unser Angebot enth\\u00e4lt Links zu externen Websites Dritter, auf deren Inhalte wir keinen Einfluss haben. Deshalb k\\u00f6nnen wir f\\u00fcr diese fremden Inhalte auch keine Gew\\u00e4hr \\u00fcbernehmen. F\\u00fcr die Inhalte der verlinkten Seiten ist stets der jeweilige Anbieter oder Betreiber der Seiten verantwortlich. Die verlinkten Seiten wurden zum Zeitpunkt der Verlinkung auf m\\u00f6gliche Rechtsverst\\u00f6\\u00dfe \\u00fcberpr\\u00fcft. Rechtswidrige Inhalte waren zum Zeitpunkt der Verlinkung nicht erkennbar. Eine permanente inhaltliche Kontrolle der verlinkten Seiten ist jedoch ohne konkrete Anhaltspunkte einer Rechtsverletzung nicht zumutbar. Bei Bekanntwerden von Rechtsverletzungen werden wir derartige Links umgehend entfernen.<\\\/p>\",\"margin\":\"default\",\"margin_remove_bottom\":false,\"margin_remove_top\":true},\"name\":\"Content\"},{\"type\":\"text\",\"props\":{\"class\":\"impression-headings\",\"column_breakpoint\":\"m\",\"content\":\"\n\n<p>Urheberrecht<\\\/p>\",\"dropcap\":false,\"margin\":\"medium\",\"margin_remove_bottom\":true,\"margin_remove_top\":false,\"status\":\"\"},\"name\":\"Label\"},{\"type\":\"text\",\"props\":{\"column_breakpoint\":\"m\",\"content\":\"\n\n<p>Die durch die Seitenbetreiber erstellten Inhalte und Werke auf diesen Seiten unterliegen dem deutschen Urheberrecht. Die Vervielf\\u00e4ltigung, Bearbeitung, Verbreitung und jede Art der Verwertung au\\u00dferhalb der Grenzen des Urheberrechtes bed\\u00fcrfen der schriftlichen Zustimmung des jeweiligen Autors bzw. Erstellers. Downloads und Kopien dieser Seite sind nur f\\u00fcr den privaten, nicht kommerziellen Gebrauch gestattet. Soweit die Inhalte auf dieser Seite nicht vom Betreiber erstellt wurden, werden die Urheberrechte Dritter beachtet. Insbesondere werden Inhalte Dritter als solche gekennzeichnet. Sollten Sie trotzdem auf eine Urheberrechtsverletzung aufmerksam werden, bitten wir um einen entsprechenden Hinweis. Bei Bekanntwerden von Rechtsverletzungen werden wir derartige Inhalte umgehend entfernen.<\\\/p>\",\"margin\":\"default\",\"margin_remove_bottom\":false,\"margin_remove_top\":true},\"name\":\"Content\"},{\"type\":\"text\",\"props\":{\"class\":\"impression-headings\",\"column_breakpoint\":\"m\",\"content\":\"\n\n<p>Webdesign und Programmierung<\\\/p>\",\"dropcap\":false,\"margin\":\"medium\",\"margin_remove_bottom\":true,\"margin_remove_top\":false,\"status\":\"\"},\"name\":\"Label\"},{\"type\":\"text\",\"props\":{\"column_breakpoint\":\"m\",\"content\":\"\n\n<p>Plan.Be.Design<\\\/p>\",\"margin\":\"default\",\"margin_remove_bottom\":false,\"margin_remove_top\":true},\"name\":\"Content\"}]}]}],\"name\":\"Content\"}],\"version\":\"3.0.22\"} --><\/p>\n","protected":false},"excerpt":{"rendered":"<p>Site notice Paroli GmbH Vertretungsberechtiger Gesellschafter \/ Gesch\u00e4ftsf\u00fchrung: Micheler Roland Anschrift: Gie\u00dfenweg 5A &#8211; 6263 F\u00fcgen im Zillertal Telefonnummern: Roland Micheler +43 664 5253088 Internetadressen: www.paroli.info E-Mail: austria@paroli.info Firmenbuchnr. &amp; Firmenbuchgericht: FN 499092 i Landesgericht Innsbruck Wirtschaftskammer: Innsbruck Umsatzsteuer-ID: ATU 736 511 67 Inhaltlich Verantwortlicher: Micheler Roland (Anschrift s.o.) Unternehmensgegenstand: Skir\u00e4ume \/ Skidepot, Skiverleih, Skiservice [&hellip;]<\/p>\n","protected":false},"author":14,"featured_media":0,"parent":0,"menu_order":99,"comment_status":"closed","ping_status":"closed","template":"","meta":{"_acf_changed":false,"footnotes":""},"class_list":["post-3468","page","type-page","status-publish","hentry"],"acf":[],"yoast_head":"<!-- This site is optimized with the Yoast SEO plugin v23.9 - https:\/\/yoast.com\/wordpress\/plugins\/seo\/ -->\n<title>Site notice - PAROLI GmbH Schuhtrockner<\/title>\n<meta name=\"robots\" content=\"index, follow, max-snippet:-1, max-image-preview:large, max-video-preview:-1\" \/>\n<link rel=\"canonical\" href=\"https:\/\/paroli.info\/en\/site-notice\/\" \/>\n<meta property=\"og:locale\" content=\"en_US\" \/>\n<meta property=\"og:type\" content=\"article\" \/>\n<meta property=\"og:title\" content=\"Site notice - PAROLI GmbH Schuhtrockner\" \/>\n<meta property=\"og:description\" content=\"Site notice Paroli GmbH Vertretungsberechtiger Gesellschafter \/ Gesch\u00e4ftsf\u00fchrung: Micheler Roland Anschrift: Gie\u00dfenweg 5A &#8211; 6263 F\u00fcgen im Zillertal Telefonnummern: Roland Micheler +43 664 5253088 Internetadressen: www.paroli.info E-Mail: austria@paroli.info Firmenbuchnr. &amp; Firmenbuchgericht: FN 499092 i Landesgericht Innsbruck Wirtschaftskammer: Innsbruck Umsatzsteuer-ID: ATU 736 511 67 Inhaltlich Verantwortlicher: Micheler Roland (Anschrift s.o.) Unternehmensgegenstand: Skir\u00e4ume \/ Skidepot, Skiverleih, Skiservice [&hellip;]\" \/>\n<meta property=\"og:url\" content=\"https:\/\/paroli.info\/en\/site-notice\/\" \/>\n<meta property=\"og:site_name\" content=\"PAROLI GmbH Schuhtrockner\" \/>\n<meta property=\"article:modified_time\" content=\"2025-10-20T06:25:21+00:00\" \/>\n<meta name=\"twitter:card\" content=\"summary_large_image\" \/>\n<meta name=\"twitter:label1\" content=\"Est. reading time\" \/>\n\t<meta name=\"twitter:data1\" content=\"2 minutes\" \/>\n<script type=\"application\/ld+json\" class=\"yoast-schema-graph\">{\"@context\":\"https:\/\/schema.org\",\"@graph\":[{\"@type\":\"WebPage\",\"@id\":\"https:\/\/paroli.info\/en\/site-notice\/\",\"url\":\"https:\/\/paroli.info\/en\/site-notice\/\",\"name\":\"Site notice - PAROLI GmbH Schuhtrockner\",\"isPartOf\":{\"@id\":\"https:\/\/paroli.info\/en\/#website\"},\"datePublished\":\"2020-02-05T11:29:16+00:00\",\"dateModified\":\"2025-10-20T06:25:21+00:00\",\"breadcrumb\":{\"@id\":\"https:\/\/paroli.info\/en\/site-notice\/#breadcrumb\"},\"inLanguage\":\"en-US\",\"potentialAction\":[{\"@type\":\"ReadAction\",\"target\":[\"https:\/\/paroli.info\/en\/site-notice\/\"]}]},{\"@type\":\"BreadcrumbList\",\"@id\":\"https:\/\/paroli.info\/en\/site-notice\/#breadcrumb\",\"itemListElement\":[{\"@type\":\"ListItem\",\"position\":1,\"name\":\"Startseite\",\"item\":\"https:\/\/paroli.info\/en\/\"},{\"@type\":\"ListItem\",\"position\":2,\"name\":\"Site notice\"}]},{\"@type\":\"WebSite\",\"@id\":\"https:\/\/paroli.info\/en\/#website\",\"url\":\"https:\/\/paroli.info\/en\/\",\"name\":\"PAROLI GmbH Schuhtrockner\",\"description\":\"\",\"potentialAction\":[{\"@type\":\"SearchAction\",\"target\":{\"@type\":\"EntryPoint\",\"urlTemplate\":\"https:\/\/paroli.info\/en\/?s={search_term_string}\"},\"query-input\":{\"@type\":\"PropertyValueSpecification\",\"valueRequired\":true,\"valueName\":\"search_term_string\"}}],\"inLanguage\":\"en-US\"}]}<\/script>\n<!-- \/ Yoast SEO plugin. -->","yoast_head_json":{"title":"Site notice - PAROLI GmbH Schuhtrockner","robots":{"index":"index","follow":"follow","max-snippet":"max-snippet:-1","max-image-preview":"max-image-preview:large","max-video-preview":"max-video-preview:-1"},"canonical":"https:\/\/paroli.info\/en\/site-notice\/","og_locale":"en_US","og_type":"article","og_title":"Site notice - PAROLI GmbH Schuhtrockner","og_description":"Site notice Paroli GmbH Vertretungsberechtiger Gesellschafter \/ Gesch\u00e4ftsf\u00fchrung: Micheler Roland Anschrift: Gie\u00dfenweg 5A &#8211; 6263 F\u00fcgen im Zillertal Telefonnummern: Roland Micheler +43 664 5253088 Internetadressen: www.paroli.info E-Mail: austria@paroli.info Firmenbuchnr. &amp; Firmenbuchgericht: FN 499092 i Landesgericht Innsbruck Wirtschaftskammer: Innsbruck Umsatzsteuer-ID: ATU 736 511 67 Inhaltlich Verantwortlicher: Micheler Roland (Anschrift s.o.) Unternehmensgegenstand: Skir\u00e4ume \/ Skidepot, Skiverleih, Skiservice [&hellip;]","og_url":"https:\/\/paroli.info\/en\/site-notice\/","og_site_name":"PAROLI GmbH Schuhtrockner","article_modified_time":"2025-10-20T06:25:21+00:00","twitter_card":"summary_large_image","twitter_misc":{"Est. reading time":"2 minutes"},"schema":{"@context":"https:\/\/schema.org","@graph":[{"@type":"WebPage","@id":"https:\/\/paroli.info\/en\/site-notice\/","url":"https:\/\/paroli.info\/en\/site-notice\/","name":"Site notice - PAROLI GmbH Schuhtrockner","isPartOf":{"@id":"https:\/\/paroli.info\/en\/#website"},"datePublished":"2020-02-05T11:29:16+00:00","dateModified":"2025-10-20T06:25:21+00:00","breadcrumb":{"@id":"https:\/\/paroli.info\/en\/site-notice\/#breadcrumb"},"inLanguage":"en-US","potentialAction":[{"@type":"ReadAction","target":["https:\/\/paroli.info\/en\/site-notice\/"]}]},{"@type":"BreadcrumbList","@id":"https:\/\/paroli.info\/en\/site-notice\/#breadcrumb","itemListElement":[{"@type":"ListItem","position":1,"name":"Startseite","item":"https:\/\/paroli.info\/en\/"},{"@type":"ListItem","position":2,"name":"Site notice"}]},{"@type":"WebSite","@id":"https:\/\/paroli.info\/en\/#website","url":"https:\/\/paroli.info\/en\/","name":"PAROLI GmbH Schuhtrockner","description":"","potentialAction":[{"@type":"SearchAction","target":{"@type":"EntryPoint","urlTemplate":"https:\/\/paroli.info\/en\/?s={search_term_string}"},"query-input":{"@type":"PropertyValueSpecification","valueRequired":true,"valueName":"search_term_string"}}],"inLanguage":"en-US"}]}},"_links":{"self":[{"href":"https:\/\/paroli.info\/en\/wp-json\/wp\/v2\/pages\/3468","targetHints":{"allow":["GET"]}}],"collection":[{"href":"https:\/\/paroli.info\/en\/wp-json\/wp\/v2\/pages"}],"about":[{"href":"https:\/\/paroli.info\/en\/wp-json\/wp\/v2\/types\/page"}],"author":[{"embeddable":true,"href":"https:\/\/paroli.info\/en\/wp-json\/wp\/v2\/users\/14"}],"replies":[{"embeddable":true,"href":"https:\/\/paroli.info\/en\/wp-json\/wp\/v2\/comments?post=3468"}],"version-history":[{"count":7,"href":"https:\/\/paroli.info\/en\/wp-json\/wp\/v2\/pages\/3468\/revisions"}],"predecessor-version":[{"id":15085,"href":"https:\/\/paroli.info\/en\/wp-json\/wp\/v2\/pages\/3468\/revisions\/15085"}],"wp:attachment":[{"href":"https:\/\/paroli.info\/en\/wp-json\/wp\/v2\/media?parent=3468"}],"curies":[{"name":"wp","href":"https:\/\/api.w.org\/{rel}","templated":true}]}}